{"id":1805,"date":"2025-10-21T21:26:20","date_gmt":"2025-10-21T19:26:20","guid":{"rendered":"https:\/\/yoanngallant.com\/?page_id=1805"},"modified":"2025-10-22T00:33:29","modified_gmt":"2025-10-21T22:33:29","slug":"groupes","status":"publish","type":"page","link":"https:\/\/yoanngallant.com\/index.php\/groupes\/","title":{"rendered":"Groupes"},"content":{"rendered":"\t\t<div data-elementor-type=\"wp-page\" data-elementor-id=\"1805\" class=\"elementor elementor-1805\">\n\t\t\t\t\t\t<section class=\"elementor-section elementor-top-section elementor-element elementor-element-7877c07 elementor-hidden-tablet elementor-hidden-mobile elementor-section-boxed elementor-section-height-default elementor-section-height-default\" data-id=\"7877c07\" data-element_type=\"section\">\n\t\t\t\t\t\t<div class=\"elementor-container elementor-column-gap-default\">\n\t\t\t\t\t<div class=\"elementor-column elementor-col-25 elementor-top-column elementor-element elementor-element-fce7bbe\" data-id=\"fce7bbe\" data-element_type=\"column\">\n\t\t\t<div class=\"elementor-widget-wrap elementor-element-populated\">\n\t\t\t\t\t\t<div class=\"elementor-element elementor-element-dca3479 elementor-widget-tablet__width-initial elementor-widget__width-initial elementor-widget elementor-widget-text-editor\" data-id=\"dca3479\" data-element_type=\"widget\" data-widget_type=\"text-editor.default\">\n\t\t\t\t<div class=\"elementor-widget-container\">\n\t\t\t\t\t\t\t\t\t<p><a href=\"https:\/\/yoanngallant.com\/index.php\/yoann-gallant\/\"><strong>Yoann Gallant<\/strong><\/a><\/p>\t\t\t\t\t\t\t\t<\/div>\n\t\t\t\t<\/div>\n\t\t\t\t<div class=\"elementor-element elementor-element-a3e0319 elementor-widget elementor-widget-text-editor\" data-id=\"a3e0319\" data-element_type=\"widget\" data-widget_type=\"text-editor.default\">\n\t\t\t\t<div class=\"elementor-widget-container\">\n\t\t\t\t\t\t\t\t\t<p><em>Musique originale folk rock<\/em><\/p>\t\t\t\t\t\t\t\t<\/div>\n\t\t\t\t<\/div>\n\t\t\t\t\t<\/div>\n\t\t<\/div>\n\t\t\t\t<div class=\"elementor-column elementor-col-25 elementor-top-column elementor-element elementor-element-3a91da7\" data-id=\"3a91da7\" data-element_type=\"column\">\n\t\t\t<div class=\"elementor-widget-wrap elementor-element-populated\">\n\t\t\t\t\t\t<div class=\"elementor-element elementor-element-e8b52de elementor-widget-tablet__width-initial elementor-widget__width-initial elementor-widget elementor-widget-text-editor\" data-id=\"e8b52de\" data-element_type=\"widget\" data-widget_type=\"text-editor.default\">\n\t\t\t\t<div class=\"elementor-widget-container\">\n\t\t\t\t\t\t\t\t\t<p><strong><a href=\"https:\/\/yoanngallant.com\/index.php\/im-not-a-jukebox\/\">I&rsquo;m not a jukebox<\/a><\/strong> <\/p>\t\t\t\t\t\t\t\t<\/div>\n\t\t\t\t<\/div>\n\t\t\t\t<div class=\"elementor-element elementor-element-ce940f5 elementor-widget elementor-widget-text-editor\" data-id=\"ce940f5\" data-element_type=\"widget\" data-widget_type=\"text-editor.default\">\n\t\t\t\t<div class=\"elementor-widget-container\">\n\t\t\t\t\t\t\t\t\t<p>One-Man-Band &#8211; Reprises &amp; Chansons \u00e0 la carte<\/p>\t\t\t\t\t\t\t\t<\/div>\n\t\t\t\t<\/div>\n\t\t\t\t\t<\/div>\n\t\t<\/div>\n\t\t\t\t<div class=\"elementor-column elementor-col-25 elementor-top-column elementor-element elementor-element-216ba17\" data-id=\"216ba17\" data-element_type=\"column\">\n\t\t\t<div class=\"elementor-widget-wrap elementor-element-populated\">\n\t\t\t\t\t\t<div class=\"elementor-element elementor-element-194dfbf elementor-widget-tablet__width-initial elementor-widget__width-initial elementor-widget elementor-widget-text-editor\" data-id=\"194dfbf\" data-element_type=\"widget\" data-widget_type=\"text-editor.default\">\n\t\t\t\t<div class=\"elementor-widget-container\">\n\t\t\t\t\t\t\t\t\t<p><a href=\"https:\/\/yoanngallant.com\/index.php\/linstant-musical\/\"><strong>L&rsquo; instant Musical<\/strong><\/a><\/p>\t\t\t\t\t\t\t\t<\/div>\n\t\t\t\t<\/div>\n\t\t\t\t<div class=\"elementor-element elementor-element-b4430c3 elementor-widget elementor-widget-text-editor\" data-id=\"b4430c3\" data-element_type=\"widget\" data-widget_type=\"text-editor.default\">\n\t\t\t\t<div class=\"elementor-widget-container\">\n\t\t\t\t\t\t\t\t\t<p><em>Karaok\u00e9 Live et Open-Mic<\/em><\/p>\t\t\t\t\t\t\t\t<\/div>\n\t\t\t\t<\/div>\n\t\t\t\t\t<\/div>\n\t\t<\/div>\n\t\t\t\t<div class=\"elementor-column elementor-col-25 elementor-top-column elementor-element elementor-element-c3d94b0\" data-id=\"c3d94b0\" data-element_type=\"column\">\n\t\t\t<div class=\"elementor-widget-wrap elementor-element-populated\">\n\t\t\t\t\t\t<div class=\"elementor-element elementor-element-23f8171 elementor-widget-tablet__width-initial elementor-widget__width-initial elementor-widget elementor-widget-text-editor\" data-id=\"23f8171\" data-element_type=\"widget\" data-widget_type=\"text-editor.default\">\n\t\t\t\t<div class=\"elementor-widget-container\">\n\t\t\t\t\t\t\t\t\t<p><strong><a href=\"https:\/\/yoanngallant.com\/index.php\/micmac-bazar\/\">Micmac Bazar<\/a><\/strong>&nbsp;&nbsp;&nbsp;&nbsp; <br><\/p>\t\t\t\t\t\t\t\t<\/div>\n\t\t\t\t<\/div>\n\t\t\t\t<div class=\"elementor-element elementor-element-81147a8 elementor-widget elementor-widget-text-editor\" data-id=\"81147a8\" data-element_type=\"widget\" data-widget_type=\"text-editor.default\">\n\t\t\t\t<div class=\"elementor-widget-container\">\n\t\t\t\t\t\t\t\t\t<p><em>Musiques du monde et chanson fran\u00e7aise<\/em><\/p>\t\t\t\t\t\t\t\t<\/div>\n\t\t\t\t<\/div>\n\t\t\t\t\t<\/div>\n\t\t<\/div>\n\t\t\t\t\t<\/div>\n\t\t<\/section>\n\t\t\t\t<section class=\"elementor-section elementor-top-section elementor-element elementor-element-d9ba09e elementor-hidden-tablet elementor-hidden-mobile elementor-section-boxed elementor-section-height-default elementor-section-height-default\" data-id=\"d9ba09e\" data-element_type=\"section\">\n\t\t\t\t\t\t<div class=\"elementor-container elementor-column-gap-default\">\n\t\t\t\t\t<div class=\"elementor-column elementor-col-25 elementor-top-column elementor-element elementor-element-65545c3\" data-id=\"65545c3\" data-element_type=\"column\">\n\t\t\t<div class=\"elementor-widget-wrap elementor-element-populated\">\n\t\t\t\t\t\t<div class=\"elementor-element elementor-element-bf76940 e-transform elementor-invisible elementor-widget elementor-widget-image\" data-id=\"bf76940\" data-element_type=\"widget\" data-settings=\"{&quot;_transform_scale_effect_hover&quot;:{&quot;unit&quot;:&quot;px&quot;,&quot;size&quot;:1.1,&quot;sizes&quot;:[]},&quot;_animation&quot;:&quot;fadeIn&quot;,&quot;_transform_scale_effect_hover_tablet&quot;:{&quot;unit&quot;:&quot;px&quot;,&quot;size&quot;:&quot;&quot;,&quot;sizes&quot;:[]},&quot;_transform_scale_effect_hover_mobile&quot;:{&quot;unit&quot;:&quot;px&quot;,&quot;size&quot;:&quot;&quot;,&quot;sizes&quot;:[]}}\" data-widget_type=\"image.default\">\n\t\t\t\t<div class=\"elementor-widget-container\">\n\t\t\t\t\t\t\t\t\t\t\t\t\t\t\t\t<a href=\"https:\/\/yoanngallant.com\/index.php\/yoann-gallant\/\">\n\t\t\t\t\t\t\t<img fetchpriority=\"high\" decoding=\"async\" width=\"1024\" height=\"1024\" src=\"https:\/\/yoanngallant.com\/wp-content\/uploads\/2025\/01\/FRONTA-Dcopie-1024x1024.jpg\" class=\"attachment-large size-large wp-image-808\" alt=\"\" srcset=\"https:\/\/yoanngallant.com\/wp-content\/uploads\/2025\/01\/FRONTA-Dcopie-1024x1024.jpg 1024w, https:\/\/yoanngallant.com\/wp-content\/uploads\/2025\/01\/FRONTA-Dcopie-300x300.jpg 300w, https:\/\/yoanngallant.com\/wp-content\/uploads\/2025\/01\/FRONTA-Dcopie-150x150.jpg 150w, https:\/\/yoanngallant.com\/wp-content\/uploads\/2025\/01\/FRONTA-Dcopie-768x768.jpg 768w, https:\/\/yoanngallant.com\/wp-content\/uploads\/2025\/01\/FRONTA-Dcopie-1536x1536.jpg 1536w, https:\/\/yoanngallant.com\/wp-content\/uploads\/2025\/01\/FRONTA-Dcopie-2048x2048.jpg 2048w\" sizes=\"(max-width: 1024px) 100vw, 1024px\" \/>\t\t\t\t\t\t\t\t<\/a>\n\t\t\t\t\t\t\t\t\t\t\t\t\t\t\t<\/div>\n\t\t\t\t<\/div>\n\t\t\t\t\t<\/div>\n\t\t<\/div>\n\t\t\t\t<div class=\"elementor-column elementor-col-25 elementor-top-column elementor-element elementor-element-e77bcc5\" data-id=\"e77bcc5\" data-element_type=\"column\">\n\t\t\t<div class=\"elementor-widget-wrap elementor-element-populated\">\n\t\t\t\t\t\t<div class=\"elementor-element elementor-element-9c7946c e-transform e-transform elementor-invisible elementor-widget elementor-widget-image\" data-id=\"9c7946c\" data-element_type=\"widget\" data-settings=\"{&quot;_transform_scale_effect_hover&quot;:{&quot;unit&quot;:&quot;px&quot;,&quot;size&quot;:1.1,&quot;sizes&quot;:[]},&quot;_animation&quot;:&quot;fadeIn&quot;,&quot;_transform_scale_effect&quot;:{&quot;unit&quot;:&quot;px&quot;,&quot;size&quot;:&quot;&quot;,&quot;sizes&quot;:[]},&quot;_transform_scale_effect_tablet&quot;:{&quot;unit&quot;:&quot;px&quot;,&quot;size&quot;:&quot;&quot;,&quot;sizes&quot;:[]},&quot;_transform_scale_effect_mobile&quot;:{&quot;unit&quot;:&quot;px&quot;,&quot;size&quot;:&quot;&quot;,&quot;sizes&quot;:[]},&quot;_transform_scale_effect_hover_tablet&quot;:{&quot;unit&quot;:&quot;px&quot;,&quot;size&quot;:&quot;&quot;,&quot;sizes&quot;:[]},&quot;_transform_scale_effect_hover_mobile&quot;:{&quot;unit&quot;:&quot;px&quot;,&quot;size&quot;:&quot;&quot;,&quot;sizes&quot;:[]}}\" data-widget_type=\"image.default\">\n\t\t\t\t<div class=\"elementor-widget-container\">\n\t\t\t\t\t\t\t\t\t\t\t\t\t\t\t\t<a href=\"https:\/\/yoanngallant.com\/index.php\/im-not-a-jukebox\/\">\n\t\t\t\t\t\t\t<img decoding=\"async\" width=\"1023\" height=\"1023\" src=\"https:\/\/yoanngallant.com\/wp-content\/uploads\/2025\/02\/cropped-87a739a9-bde7-4a43-b524-4c6f9e113403-copie-1.jpg\" class=\"attachment-large size-large wp-image-1332\" alt=\"\" srcset=\"https:\/\/yoanngallant.com\/wp-content\/uploads\/2025\/02\/cropped-87a739a9-bde7-4a43-b524-4c6f9e113403-copie-1.jpg 1023w, https:\/\/yoanngallant.com\/wp-content\/uploads\/2025\/02\/cropped-87a739a9-bde7-4a43-b524-4c6f9e113403-copie-1-300x300.jpg 300w, https:\/\/yoanngallant.com\/wp-content\/uploads\/2025\/02\/cropped-87a739a9-bde7-4a43-b524-4c6f9e113403-copie-1-150x150.jpg 150w, https:\/\/yoanngallant.com\/wp-content\/uploads\/2025\/02\/cropped-87a739a9-bde7-4a43-b524-4c6f9e113403-copie-1-768x768.jpg 768w\" sizes=\"(max-width: 1023px) 100vw, 1023px\" \/>\t\t\t\t\t\t\t\t<\/a>\n\t\t\t\t\t\t\t\t\t\t\t\t\t\t\t<\/div>\n\t\t\t\t<\/div>\n\t\t\t\t\t<\/div>\n\t\t<\/div>\n\t\t\t\t<div class=\"elementor-column elementor-col-25 elementor-top-column elementor-element elementor-element-0eafe70\" data-id=\"0eafe70\" data-element_type=\"column\">\n\t\t\t<div class=\"elementor-widget-wrap elementor-element-populated\">\n\t\t\t\t\t\t<div class=\"elementor-element elementor-element-cba2287 e-transform elementor-invisible elementor-widget elementor-widget-image\" data-id=\"cba2287\" data-element_type=\"widget\" data-settings=\"{&quot;_transform_scale_effect_hover&quot;:{&quot;unit&quot;:&quot;px&quot;,&quot;size&quot;:1.1,&quot;sizes&quot;:[]},&quot;_animation&quot;:&quot;fadeIn&quot;,&quot;_transform_scale_effect_hover_tablet&quot;:{&quot;unit&quot;:&quot;px&quot;,&quot;size&quot;:&quot;&quot;,&quot;sizes&quot;:[]},&quot;_transform_scale_effect_hover_mobile&quot;:{&quot;unit&quot;:&quot;px&quot;,&quot;size&quot;:&quot;&quot;,&quot;sizes&quot;:[]}}\" data-widget_type=\"image.default\">\n\t\t\t\t<div class=\"elementor-widget-container\">\n\t\t\t\t\t\t\t\t\t\t\t\t\t\t\t\t<a href=\"https:\/\/yoanngallant.com\/index.php\/linstant-musical\/\">\n\t\t\t\t\t\t\t<img decoding=\"async\" width=\"1024\" height=\"1018\" src=\"https:\/\/yoanngallant.com\/wp-content\/uploads\/2025\/02\/IM-VISUEL2-1-1024x1018.jpg\" class=\"attachment-large size-large wp-image-1124\" alt=\"\" srcset=\"https:\/\/yoanngallant.com\/wp-content\/uploads\/2025\/02\/IM-VISUEL2-1-1024x1018.jpg 1024w, https:\/\/yoanngallant.com\/wp-content\/uploads\/2025\/02\/IM-VISUEL2-1-300x298.jpg 300w, https:\/\/yoanngallant.com\/wp-content\/uploads\/2025\/02\/IM-VISUEL2-1-150x150.jpg 150w, https:\/\/yoanngallant.com\/wp-content\/uploads\/2025\/02\/IM-VISUEL2-1-768x764.jpg 768w, https:\/\/yoanngallant.com\/wp-content\/uploads\/2025\/02\/IM-VISUEL2-1-1536x1527.jpg 1536w, https:\/\/yoanngallant.com\/wp-content\/uploads\/2025\/02\/IM-VISUEL2-1-2048x2036.jpg 2048w\" sizes=\"(max-width: 1024px) 100vw, 1024px\" \/>\t\t\t\t\t\t\t\t<\/a>\n\t\t\t\t\t\t\t\t\t\t\t\t\t\t\t<\/div>\n\t\t\t\t<\/div>\n\t\t\t\t\t<\/div>\n\t\t<\/div>\n\t\t\t\t<div class=\"elementor-column elementor-col-25 elementor-top-column elementor-element elementor-element-2950fb6\" data-id=\"2950fb6\" data-element_type=\"column\">\n\t\t\t<div class=\"elementor-widget-wrap elementor-element-populated\">\n\t\t\t\t\t\t<div class=\"elementor-element elementor-element-776023f e-transform elementor-invisible elementor-widget elementor-widget-image\" data-id=\"776023f\" data-element_type=\"widget\" data-settings=\"{&quot;_transform_scale_effect_hover&quot;:{&quot;unit&quot;:&quot;px&quot;,&quot;size&quot;:1.1,&quot;sizes&quot;:[]},&quot;_animation&quot;:&quot;fadeIn&quot;,&quot;_transform_scale_effect_hover_tablet&quot;:{&quot;unit&quot;:&quot;px&quot;,&quot;size&quot;:&quot;&quot;,&quot;sizes&quot;:[]},&quot;_transform_scale_effect_hover_mobile&quot;:{&quot;unit&quot;:&quot;px&quot;,&quot;size&quot;:&quot;&quot;,&quot;sizes&quot;:[]}}\" data-widget_type=\"image.default\">\n\t\t\t\t<div class=\"elementor-widget-container\">\n\t\t\t\t\t\t\t\t\t\t\t\t\t\t\t\t<a href=\"https:\/\/yoanngallant.com\/index.php\/micmac-bazar\/\">\n\t\t\t\t\t\t\t<img loading=\"lazy\" decoding=\"async\" width=\"1024\" height=\"1021\" src=\"https:\/\/yoanngallant.com\/wp-content\/uploads\/2025\/02\/VISUELNEW1-1-1024x1021.jpg\" class=\"attachment-large size-large wp-image-1155\" alt=\"\" srcset=\"https:\/\/yoanngallant.com\/wp-content\/uploads\/2025\/02\/VISUELNEW1-1-1024x1021.jpg 1024w, https:\/\/yoanngallant.com\/wp-content\/uploads\/2025\/02\/VISUELNEW1-1-300x300.jpg 300w, https:\/\/yoanngallant.com\/wp-content\/uploads\/2025\/02\/VISUELNEW1-1-150x150.jpg 150w, https:\/\/yoanngallant.com\/wp-content\/uploads\/2025\/02\/VISUELNEW1-1-768x766.jpg 768w, https:\/\/yoanngallant.com\/wp-content\/uploads\/2025\/02\/VISUELNEW1-1-1536x1531.jpg 1536w, https:\/\/yoanngallant.com\/wp-content\/uploads\/2025\/02\/VISUELNEW1-1-2048x2042.jpg 2048w\" sizes=\"(max-width: 1024px) 100vw, 1024px\" \/>\t\t\t\t\t\t\t\t<\/a>\n\t\t\t\t\t\t\t\t\t\t\t\t\t\t\t<\/div>\n\t\t\t\t<\/div>\n\t\t\t\t\t<\/div>\n\t\t<\/div>\n\t\t\t\t\t<\/div>\n\t\t<\/section>\n\t\t\t\t<section class=\"elementor-section elementor-top-section elementor-element elementor-element-ecbf9bd elementor-hidden-desktop elementor-section-boxed elementor-section-height-default elementor-section-height-default\" data-id=\"ecbf9bd\" data-element_type=\"section\">\n\t\t\t\t\t\t<div class=\"elementor-container elementor-column-gap-default\">\n\t\t\t\t\t<div class=\"elementor-column elementor-col-25 elementor-top-column elementor-element elementor-element-291cc4e\" data-id=\"291cc4e\" data-element_type=\"column\">\n\t\t\t<div class=\"elementor-widget-wrap elementor-element-populated\">\n\t\t\t\t\t\t<div class=\"elementor-element elementor-element-a206bfa elementor-widget-tablet__width-initial elementor-widget__width-initial elementor-widget elementor-widget-text-editor\" data-id=\"a206bfa\" data-element_type=\"widget\" data-widget_type=\"text-editor.default\">\n\t\t\t\t<div class=\"elementor-widget-container\">\n\t\t\t\t\t\t\t\t\t<p><a href=\"https:\/\/yoanngallant.com\/index.php\/yoann-gallant\/\"><strong>Yoann Gallant<\/strong><\/a><\/p>\t\t\t\t\t\t\t\t<\/div>\n\t\t\t\t<\/div>\n\t\t\t\t<div class=\"elementor-element elementor-element-026266b elementor-widget elementor-widget-text-editor\" data-id=\"026266b\" data-element_type=\"widget\" data-widget_type=\"text-editor.default\">\n\t\t\t\t<div class=\"elementor-widget-container\">\n\t\t\t\t\t\t\t\t\t<p><em>Musique originale folk rock<\/em><\/p>\t\t\t\t\t\t\t\t<\/div>\n\t\t\t\t<\/div>\n\t\t\t\t<div class=\"elementor-element elementor-element-77c5df3 elementor-invisible elementor-widget elementor-widget-image\" data-id=\"77c5df3\" data-element_type=\"widget\" data-settings=\"{&quot;_animation&quot;:&quot;fadeIn&quot;}\" data-widget_type=\"image.default\">\n\t\t\t\t<div class=\"elementor-widget-container\">\n\t\t\t\t\t\t\t\t\t\t\t\t\t\t\t\t<a href=\"https:\/\/yoanngallant.com\/index.php\/yoann-gallant\/\">\n\t\t\t\t\t\t\t<img fetchpriority=\"high\" decoding=\"async\" width=\"1024\" height=\"1024\" src=\"https:\/\/yoanngallant.com\/wp-content\/uploads\/2025\/01\/FRONTA-Dcopie-1024x1024.jpg\" class=\"attachment-large size-large wp-image-808\" alt=\"\" srcset=\"https:\/\/yoanngallant.com\/wp-content\/uploads\/2025\/01\/FRONTA-Dcopie-1024x1024.jpg 1024w, https:\/\/yoanngallant.com\/wp-content\/uploads\/2025\/01\/FRONTA-Dcopie-300x300.jpg 300w, https:\/\/yoanngallant.com\/wp-content\/uploads\/2025\/01\/FRONTA-Dcopie-150x150.jpg 150w, https:\/\/yoanngallant.com\/wp-content\/uploads\/2025\/01\/FRONTA-Dcopie-768x768.jpg 768w, https:\/\/yoanngallant.com\/wp-content\/uploads\/2025\/01\/FRONTA-Dcopie-1536x1536.jpg 1536w, https:\/\/yoanngallant.com\/wp-content\/uploads\/2025\/01\/FRONTA-Dcopie-2048x2048.jpg 2048w\" sizes=\"(max-width: 1024px) 100vw, 1024px\" \/>\t\t\t\t\t\t\t\t<\/a>\n\t\t\t\t\t\t\t\t\t\t\t\t\t\t\t<\/div>\n\t\t\t\t<\/div>\n\t\t\t\t\t<\/div>\n\t\t<\/div>\n\t\t\t\t<div class=\"elementor-column elementor-col-25 elementor-top-column elementor-element elementor-element-8f7e83b\" data-id=\"8f7e83b\" data-element_type=\"column\">\n\t\t\t<div class=\"elementor-widget-wrap elementor-element-populated\">\n\t\t\t\t\t\t<div class=\"elementor-element elementor-element-2db983f elementor-widget-tablet__width-initial elementor-widget__width-initial elementor-widget elementor-widget-text-editor\" data-id=\"2db983f\" data-element_type=\"widget\" data-widget_type=\"text-editor.default\">\n\t\t\t\t<div class=\"elementor-widget-container\">\n\t\t\t\t\t\t\t\t\t<p><strong><a href=\"https:\/\/yoanngallant.com\/index.php\/im-not-a-jukebox\/\">I&rsquo;m not a jukebox<\/a><\/strong> <\/p>\t\t\t\t\t\t\t\t<\/div>\n\t\t\t\t<\/div>\n\t\t\t\t<div class=\"elementor-element elementor-element-7dce5a5 elementor-widget elementor-widget-text-editor\" data-id=\"7dce5a5\" data-element_type=\"widget\" data-widget_type=\"text-editor.default\">\n\t\t\t\t<div class=\"elementor-widget-container\">\n\t\t\t\t\t\t\t\t\t<p>One-Man-Band &#8211; Reprises &amp; Chansons \u00e0 la carte<\/p>\t\t\t\t\t\t\t\t<\/div>\n\t\t\t\t<\/div>\n\t\t\t\t<div class=\"elementor-element elementor-element-34ee446 elementor-invisible elementor-widget elementor-widget-image\" data-id=\"34ee446\" data-element_type=\"widget\" data-settings=\"{&quot;_animation&quot;:&quot;fadeIn&quot;}\" data-widget_type=\"image.default\">\n\t\t\t\t<div class=\"elementor-widget-container\">\n\t\t\t\t\t\t\t\t\t\t\t\t\t\t\t\t<a href=\"https:\/\/yoanngallant.com\/index.php\/im-not-a-jukebox\/\">\n\t\t\t\t\t\t\t<img decoding=\"async\" width=\"1023\" height=\"1023\" src=\"https:\/\/yoanngallant.com\/wp-content\/uploads\/2025\/02\/cropped-87a739a9-bde7-4a43-b524-4c6f9e113403-copie-1.jpg\" class=\"attachment-large size-large wp-image-1332\" alt=\"\" srcset=\"https:\/\/yoanngallant.com\/wp-content\/uploads\/2025\/02\/cropped-87a739a9-bde7-4a43-b524-4c6f9e113403-copie-1.jpg 1023w, https:\/\/yoanngallant.com\/wp-content\/uploads\/2025\/02\/cropped-87a739a9-bde7-4a43-b524-4c6f9e113403-copie-1-300x300.jpg 300w, https:\/\/yoanngallant.com\/wp-content\/uploads\/2025\/02\/cropped-87a739a9-bde7-4a43-b524-4c6f9e113403-copie-1-150x150.jpg 150w, https:\/\/yoanngallant.com\/wp-content\/uploads\/2025\/02\/cropped-87a739a9-bde7-4a43-b524-4c6f9e113403-copie-1-768x768.jpg 768w\" sizes=\"(max-width: 1023px) 100vw, 1023px\" \/>\t\t\t\t\t\t\t\t<\/a>\n\t\t\t\t\t\t\t\t\t\t\t\t\t\t\t<\/div>\n\t\t\t\t<\/div>\n\t\t\t\t\t<\/div>\n\t\t<\/div>\n\t\t\t\t<div class=\"elementor-column elementor-col-25 elementor-top-column elementor-element elementor-element-5247a86\" data-id=\"5247a86\" data-element_type=\"column\">\n\t\t\t<div class=\"elementor-widget-wrap elementor-element-populated\">\n\t\t\t\t\t\t<div class=\"elementor-element elementor-element-fe4540b elementor-widget-tablet__width-initial elementor-widget__width-initial elementor-widget elementor-widget-text-editor\" data-id=\"fe4540b\" data-element_type=\"widget\" data-widget_type=\"text-editor.default\">\n\t\t\t\t<div class=\"elementor-widget-container\">\n\t\t\t\t\t\t\t\t\t<p><a href=\"https:\/\/yoanngallant.com\/index.php\/linstant-musical\/\"><strong>L&rsquo; instant Musical<\/strong><\/a><\/p>\t\t\t\t\t\t\t\t<\/div>\n\t\t\t\t<\/div>\n\t\t\t\t<div class=\"elementor-element elementor-element-7d25b94 elementor-widget elementor-widget-text-editor\" data-id=\"7d25b94\" data-element_type=\"widget\" data-widget_type=\"text-editor.default\">\n\t\t\t\t<div class=\"elementor-widget-container\">\n\t\t\t\t\t\t\t\t\t<p><em>Karaok\u00e9 Live et Open-Mic<\/em><\/p>\t\t\t\t\t\t\t\t<\/div>\n\t\t\t\t<\/div>\n\t\t\t\t<div class=\"elementor-element elementor-element-166e449 elementor-invisible elementor-widget elementor-widget-image\" data-id=\"166e449\" data-element_type=\"widget\" data-settings=\"{&quot;_animation&quot;:&quot;fadeIn&quot;}\" data-widget_type=\"image.default\">\n\t\t\t\t<div class=\"elementor-widget-container\">\n\t\t\t\t\t\t\t\t\t\t\t\t\t\t\t\t<a href=\"https:\/\/yoanngallant.com\/index.php\/linstant-musical\/\">\n\t\t\t\t\t\t\t<img decoding=\"async\" width=\"1024\" height=\"1018\" src=\"https:\/\/yoanngallant.com\/wp-content\/uploads\/2025\/02\/IM-VISUEL2-1-1024x1018.jpg\" class=\"attachment-large size-large wp-image-1124\" alt=\"\" srcset=\"https:\/\/yoanngallant.com\/wp-content\/uploads\/2025\/02\/IM-VISUEL2-1-1024x1018.jpg 1024w, https:\/\/yoanngallant.com\/wp-content\/uploads\/2025\/02\/IM-VISUEL2-1-300x298.jpg 300w, https:\/\/yoanngallant.com\/wp-content\/uploads\/2025\/02\/IM-VISUEL2-1-150x150.jpg 150w, https:\/\/yoanngallant.com\/wp-content\/uploads\/2025\/02\/IM-VISUEL2-1-768x764.jpg 768w, https:\/\/yoanngallant.com\/wp-content\/uploads\/2025\/02\/IM-VISUEL2-1-1536x1527.jpg 1536w, https:\/\/yoanngallant.com\/wp-content\/uploads\/2025\/02\/IM-VISUEL2-1-2048x2036.jpg 2048w\" sizes=\"(max-width: 1024px) 100vw, 1024px\" \/>\t\t\t\t\t\t\t\t<\/a>\n\t\t\t\t\t\t\t\t\t\t\t\t\t\t\t<\/div>\n\t\t\t\t<\/div>\n\t\t\t\t\t<\/div>\n\t\t<\/div>\n\t\t\t\t<div class=\"elementor-column elementor-col-25 elementor-top-column elementor-element elementor-element-1e8087a\" data-id=\"1e8087a\" data-element_type=\"column\">\n\t\t\t<div class=\"elementor-widget-wrap elementor-element-populated\">\n\t\t\t\t\t\t<div class=\"elementor-element elementor-element-692fd05 elementor-widget-tablet__width-initial elementor-widget__width-initial elementor-widget elementor-widget-text-editor\" data-id=\"692fd05\" data-element_type=\"widget\" data-widget_type=\"text-editor.default\">\n\t\t\t\t<div class=\"elementor-widget-container\">\n\t\t\t\t\t\t\t\t\t<p><strong><a href=\"https:\/\/yoanngallant.com\/index.php\/micmac-bazar\/\">Micmac Bazar<\/a><\/strong>&nbsp;&nbsp;&nbsp;&nbsp; <br><\/p>\t\t\t\t\t\t\t\t<\/div>\n\t\t\t\t<\/div>\n\t\t\t\t<div class=\"elementor-element elementor-element-26325e3 elementor-widget elementor-widget-text-editor\" data-id=\"26325e3\" data-element_type=\"widget\" data-widget_type=\"text-editor.default\">\n\t\t\t\t<div class=\"elementor-widget-container\">\n\t\t\t\t\t\t\t\t\t<p><em>Musiques du monde et chanson fran\u00e7aise<\/em><\/p>\t\t\t\t\t\t\t\t<\/div>\n\t\t\t\t<\/div>\n\t\t\t\t<div class=\"elementor-element elementor-element-be3678a elementor-invisible elementor-widget elementor-widget-image\" data-id=\"be3678a\" data-element_type=\"widget\" data-settings=\"{&quot;_animation&quot;:&quot;fadeIn&quot;}\" data-widget_type=\"image.default\">\n\t\t\t\t<div class=\"elementor-widget-container\">\n\t\t\t\t\t\t\t\t\t\t\t\t\t\t\t\t<a href=\"https:\/\/yoanngallant.com\/index.php\/micmac-bazar\/\">\n\t\t\t\t\t\t\t<img loading=\"lazy\" decoding=\"async\" width=\"1024\" height=\"1021\" src=\"https:\/\/yoanngallant.com\/wp-content\/uploads\/2025\/02\/VISUELNEW1-1-1024x1021.jpg\" class=\"attachment-large size-large wp-image-1155\" alt=\"\" srcset=\"https:\/\/yoanngallant.com\/wp-content\/uploads\/2025\/02\/VISUELNEW1-1-1024x1021.jpg 1024w, https:\/\/yoanngallant.com\/wp-content\/uploads\/2025\/02\/VISUELNEW1-1-300x300.jpg 300w, https:\/\/yoanngallant.com\/wp-content\/uploads\/2025\/02\/VISUELNEW1-1-150x150.jpg 150w, https:\/\/yoanngallant.com\/wp-content\/uploads\/2025\/02\/VISUELNEW1-1-768x766.jpg 768w, https:\/\/yoanngallant.com\/wp-content\/uploads\/2025\/02\/VISUELNEW1-1-1536x1531.jpg 1536w, https:\/\/yoanngallant.com\/wp-content\/uploads\/2025\/02\/VISUELNEW1-1-2048x2042.jpg 2048w\" sizes=\"(max-width: 1024px) 100vw, 1024px\" \/>\t\t\t\t\t\t\t\t<\/a>\n\t\t\t\t\t\t\t\t\t\t\t\t\t\t\t<\/div>\n\t\t\t\t<\/div>\n\t\t\t\t\t<\/div>\n\t\t<\/div>\n\t\t\t\t\t<\/div>\n\t\t<\/section>\n\t\t\t\t<section class=\"elementor-section elementor-top-section elementor-element elementor-element-df9f92f elementor-section-boxed elementor-section-height-default elementor-section-height-default\" data-id=\"df9f92f\" data-element_type=\"section\">\n\t\t\t\t\t\t<div class=\"elementor-container elementor-column-gap-default\">\n\t\t\t\t\t<div class=\"elementor-column elementor-col-100 elementor-top-column elementor-element elementor-element-6ac7119\" data-id=\"6ac7119\" data-element_type=\"column\">\n\t\t\t<div class=\"elementor-widget-wrap\">\n\t\t\t\t\t\t\t<\/div>\n\t\t<\/div>\n\t\t\t\t\t<\/div>\n\t\t<\/section>\n\t\t\t\t<\/div>\n\t\t","protected":false},"excerpt":{"rendered":"<p>Yoann Gallant Musique originale folk rock I&rsquo;m not a jukebox One-Man-Band &#8211; Reprises &amp; Chansons \u00e0 la carte L&rsquo; instant Musical Karaok\u00e9 Live et Open-Mic Micmac Bazar&nbsp;&nbsp;&nbsp;&nbsp; Musiques du monde et chanson fran\u00e7aise Yoann Gallant Musique originale folk rock I&rsquo;m not a jukebox One-Man-Band &#8211; Reprises &amp; Chansons \u00e0 la carte L&rsquo; instant Musical Karaok\u00e9&#8230;<\/p>\n","protected":false},"author":1,"featured_media":0,"parent":0,"menu_order":0,"comment_status":"closed","ping_status":"closed","template":"","meta":{"_kadence_starter_templates_imported_post":false,"_kad_post_transparent":"","_kad_post_title":"hide","_kad_post_layout":"fullwidth","_kad_post_sidebar_id":"","_kad_post_content_style":"unboxed","_kad_post_vertical_padding":"hide","_kad_post_feature":"hide","_kad_post_feature_position":"","_kad_post_header":false,"_kad_post_footer":false,"footnotes":""},"class_list":["post-1805","page","type-page","status-publish","hentry"],"_links":{"self":[{"href":"https:\/\/yoanngallant.com\/index.php\/wp-json\/wp\/v2\/pages\/1805"}],"collection":[{"href":"https:\/\/yoanngallant.com\/index.php\/wp-json\/wp\/v2\/pages"}],"about":[{"href":"https:\/\/yoanngallant.com\/index.php\/wp-json\/wp\/v2\/types\/page"}],"author":[{"embeddable":true,"href":"https:\/\/yoanngallant.com\/index.php\/wp-json\/wp\/v2\/users\/1"}],"replies":[{"embeddable":true,"href":"https:\/\/yoanngallant.com\/index.php\/wp-json\/wp\/v2\/comments?post=1805"}],"version-history":[{"count":25,"href":"https:\/\/yoanngallant.com\/index.php\/wp-json\/wp\/v2\/pages\/1805\/revisions"}],"predecessor-version":[{"id":2137,"href":"https:\/\/yoanngallant.com\/index.php\/wp-json\/wp\/v2\/pages\/1805\/revisions\/2137"}],"wp:attachment":[{"href":"https:\/\/yoanngallant.com\/index.php\/wp-json\/wp\/v2\/media?parent=1805"}],"curies":[{"name":"wp","href":"https:\/\/api.w.org\/{rel}","templated":true}]}}